{"id":74,"date":"2023-09-28T15:21:07","date_gmt":"2023-09-28T18:21:07","guid":{"rendered":"https:\/\/viniciusorsini.com.br\/?page_id=74"},"modified":"2025-11-26T07:07:46","modified_gmt":"2025-11-26T10:07:46","slug":"home","status":"publish","type":"page","link":"https:\/\/viniciusorsini.com.br\/","title":{"rendered":"Home"},"content":{"rendered":"\t\t<div data-elementor-type=\"wp-page\" data-elementor-id=\"74\" class=\"elementor elementor-74\" data-elementor-post-type=\"page\">\n\t\t\t\t<div class=\"elementor-element elementor-element-4d24397 e-con-full e-flex e-con e-parent\" data-id=\"4d24397\" data-element_type=\"container\" data-settings=\"{&quot;background_background&quot;:&quot;classic&quot;}\">\n\t\t<div class=\"elementor-element elementor-element-815fb57 e-con-full e-flex e-con e-child\" data-id=\"815fb57\" data-element_type=\"container\">\n\t\t<div class=\"elementor-element elementor-element-b6ffda8 e-con-full e-flex e-con e-child\" data-id=\"b6ffda8\" data-element_type=\"container\">\n\t\t<div class=\"elementor-element elementor-element-3417b01 e-con-full e-flex e-con e-child\" data-id=\"3417b01\" data-element_type=\"container\">\n\t\t\t\t<div class=\"elementor-element elementor-element-8ff0d6d elementor-widget elementor-widget-heading\" data-id=\"8ff0d6d\" data-element_type=\"widget\" data-widget_type=\"heading.default\">\n\t\t\t\t<div class=\"elementor-widget-container\">\n\t\t\t\t\t<h2 class=\"elementor-heading-title elementor-size-default\">ADVOCACIA<\/h2>\t\t\t\t<\/div>\n\t\t\t\t<\/div>\n\t\t\t\t<\/div>\n\t\t<div class=\"elementor-element elementor-element-4f49458 e-con-full e-flex e-con e-child\" data-id=\"4f49458\" data-element_type=\"container\">\n\t\t\t\t<div class=\"elementor-element elementor-element-f61c975 elementor-widget elementor-widget-heading\" data-id=\"f61c975\" data-element_type=\"widget\" data-widget_type=\"heading.default\">\n\t\t\t\t<div class=\"elementor-widget-container\">\n\t\t\t\t\t<h2 class=\"elementor-heading-title elementor-size-default\">ESPECIALIZADA<\/h2>\t\t\t\t<\/div>\n\t\t\t\t<\/div>\n\t\t\t\t<\/div>\n\t\t\t\t<\/div>\n\t\t<div class=\"elementor-element elementor-element-9913b8b e-con-full e-flex e-con e-child\" data-id=\"9913b8b\" data-element_type=\"container\">\n\t\t\t\t<div class=\"elementor-element elementor-element-d5458a2 elementor-widget elementor-widget-text-editor\" data-id=\"d5458a2\" data-element_type=\"widget\" data-widget_type=\"text-editor.default\">\n\t\t\t\t<div class=\"elementor-widget-container\">\n\t\t\t\t\t\t\t\t\t<p class=\"text-xl md:text-2xl text-gray-300 mb-8 animate-fade-in\" data-lov-id=\"src\/pages\/Index.tsx:100:10\" data-lov-name=\"p\" data-component-path=\"src\/pages\/Index.tsx\" data-component-line=\"100\" data-component-file=\"Index.tsx\" data-component-name=\"p\" data-component-content=\"%7B%22text%22%3A%22Direito%20Tribut%C3%A1rio%20e%20Previdenci%C3%A1rio%20com%20foco%20em%20resultados%22%2C%22className%22%3A%22text-xl%20md%3Atext-2xl%20text-gray-300%20mb-8%20animate-fade-in%22%7D\"><strong>Direito Empresarial e Digital <\/strong><\/p><p>Atuamos na prote\u00e7\u00e3o jur\u00eddica de empresas e neg\u00f3cios digitais, assegurando conformidade legal, seguran\u00e7a nas rela\u00e7\u00f5es comerciais e preven\u00e7\u00e3o de riscos. Oferecemos solu\u00e7\u00f5es estrat\u00e9gicas em contratos empresariais, prote\u00e7\u00e3o de dados e responsabilidade digital, com agilidade e expertise para impulsionar o crescimento do seu neg\u00f3cio.<\/p>\t\t\t\t\t\t\t\t<\/div>\n\t\t\t\t<\/div>\n\t\t\t\t<\/div>\n\t\t<div class=\"elementor-element elementor-element-8f6282b e-con-full e-flex e-con e-child\" data-id=\"8f6282b\" data-element_type=\"container\">\n\t\t<div class=\"elementor-element elementor-element-93ff114 e-con-full e-flex e-con e-child\" data-id=\"93ff114\" data-element_type=\"container\">\n\t\t\t\t<div class=\"elementor-element elementor-element-a679077 elementor-align-center elementor-widget elementor-widget-button\" data-id=\"a679077\" data-element_type=\"widget\" data-widget_type=\"button.default\">\n\t\t\t\t<div class=\"elementor-widget-container\">\n\t\t\t\t\t\t\t\t\t<div class=\"elementor-button-wrapper\">\n\t\t\t\t\t<a class=\"elementor-button elementor-button-link elementor-size-sm\" href=\"https:\/\/wa.me\/5548984424822?text=Ol\u00e1%2C%20estou%20entrando%20em%20contato%20atrav\u00e9s%20do%20site.\">\n\t\t\t\t\t\t<span class=\"elementor-button-content-wrapper\">\n\t\t\t\t\t\t\t\t\t<span class=\"elementor-button-text\">Fale Conosco<\/span>\n\t\t\t\t\t<\/span>\n\t\t\t\t\t<\/a>\n\t\t\t\t<\/div>\n\t\t\t\t\t\t\t\t<\/div>\n\t\t\t\t<\/div>\n\t\t\t\t<\/div>\n\t\t\t\t<\/div>\n\t\t\t\t<\/div>\n\t\t\t\t<\/div>\n\t\t<div class=\"elementor-element elementor-element-6410dc3 e-con-full e-flex e-con e-parent\" data-id=\"6410dc3\" data-element_type=\"container\">\n\t\t\t\t<div class=\"elementor-element elementor-element-582ff25 elementor-widget__width-initial elementor-hidden-mobile elementor-widget-divider--view-line elementor-widget elementor-widget-divider\" data-id=\"582ff25\" data-element_type=\"widget\" data-widget_type=\"divider.default\">\n\t\t\t\t<div class=\"elementor-widget-container\">\n\t\t\t\t\t\t\t<div class=\"elementor-divider\">\n\t\t\t<span class=\"elementor-divider-separator\">\n\t\t\t\t\t\t<\/span>\n\t\t<\/div>\n\t\t\t\t\t\t<\/div>\n\t\t\t\t<\/div>\n\t\t<div class=\"elementor-element elementor-element-0d91fab e-con-full e-flex e-con e-child\" data-id=\"0d91fab\" data-element_type=\"container\">\n\t\t\t\t<div class=\"elementor-element elementor-element-f5fccee elementor-widget__width-inherit elementor-widget elementor-widget-heading\" data-id=\"f5fccee\" data-element_type=\"widget\" data-widget_type=\"heading.default\">\n\t\t\t\t<div class=\"elementor-widget-container\">\n\t\t\t\t\t<h2 class=\"elementor-heading-title elementor-size-default\">Servi\u00e7os Especializados<\/h2>\t\t\t\t<\/div>\n\t\t\t\t<\/div>\n\t\t\t\t<div class=\"elementor-element elementor-element-d5ef737 elementor-widget elementor-widget-text-editor\" data-id=\"d5ef737\" data-element_type=\"widget\" data-widget_type=\"text-editor.default\">\n\t\t\t\t<div class=\"elementor-widget-container\">\n\t\t\t\t\t\t\t\t\t<p>Atua\u00e7\u00e3o especializada focada em \u00e1reas do Direito Empresarial e Direito Digital, garantindo expertise e resultados efetivos.<\/p>\t\t\t\t\t\t\t\t<\/div>\n\t\t\t\t<\/div>\n\t\t\t\t<\/div>\n\t\t\t\t<div class=\"elementor-element elementor-element-32d03c5 elementor-widget__width-initial elementor-hidden-mobile elementor-widget-divider--view-line elementor-widget elementor-widget-divider\" data-id=\"32d03c5\" data-element_type=\"widget\" data-widget_type=\"divider.default\">\n\t\t\t\t<div class=\"elementor-widget-container\">\n\t\t\t\t\t\t\t<div class=\"elementor-divider\">\n\t\t\t<span class=\"elementor-divider-separator\">\n\t\t\t\t\t\t<\/span>\n\t\t<\/div>\n\t\t\t\t\t\t<\/div>\n\t\t\t\t<\/div>\n\t\t\t\t<\/div>\n\t\t<div class=\"elementor-element elementor-element-101087b e-flex e-con-boxed e-con e-parent\" data-id=\"101087b\" data-element_type=\"container\">\n\t\t\t\t\t<div class=\"e-con-inner\">\n\t\t<div class=\"elementor-element elementor-element-7eb24cc e-con-full e-flex e-con e-child\" data-id=\"7eb24cc\" data-element_type=\"container\">\n\t\t\t\t<div class=\"elementor-element elementor-element-bb7511f elementor-view-stacked elementor-shape-rounded elementor-position-top elementor-mobile-position-top elementor-widget elementor-widget-icon-box\" data-id=\"bb7511f\" data-element_type=\"widget\" data-widget_type=\"icon-box.default\">\n\t\t\t\t<div class=\"elementor-widget-container\">\n\t\t\t\t\t\t\t<div class=\"elementor-icon-box-wrapper\">\n\n\t\t\t\t\t\t<div class=\"elementor-icon-box-icon\">\n\t\t\t\t<span  class=\"elementor-icon\">\n\t\t\t\t<i aria-hidden=\"true\" class=\"fas fa-balance-scale\"><\/i>\t\t\t\t<\/span>\n\t\t\t<\/div>\n\t\t\t\n\t\t\t\t\t\t<div class=\"elementor-icon-box-content\">\n\n\t\t\t\t\t\t\t\t\t<h3 class=\"elementor-icon-box-title\">\n\t\t\t\t\t\t<span  >\n\t\t\t\t\t\t\tDefesa empresarial\t\t\t\t\t\t<\/span>\n\t\t\t\t\t<\/h3>\n\t\t\t\t\n\t\t\t\t\t\t\t\t\t<p class=\"elementor-icon-box-description\">\n\t\t\t\t\t\tEnfrentando cobran\u00e7as, execu\u00e7\u00f5es ou risco de bloqueio judicial? <br>\nAtuamos na defesa de empres\u00e1rios e empresas em crise, com estrat\u00e9gias jur\u00eddicas para renegociar d\u00edvidas, proteger o patrim\u00f4nio e manter a atividade empresarial. Analisamos cada caso com foco em resultados e recupera\u00e7\u00e3o. Consulte e saiba como preservar o seu neg\u00f3cio.\n\t\t\t\t\t<\/p>\n\t\t\t\t\n\t\t\t<\/div>\n\t\t\t\n\t\t<\/div>\n\t\t\t\t\t\t<\/div>\n\t\t\t\t<\/div>\n\t\t\t\t<div class=\"elementor-element elementor-element-cc6ac7a elementor-button-success elementor-align-justify elementor-widget elementor-widget-button\" data-id=\"cc6ac7a\" data-element_type=\"widget\" data-widget_type=\"button.default\">\n\t\t\t\t<div class=\"elementor-widget-container\">\n\t\t\t\t\t\t\t\t\t<div class=\"elementor-button-wrapper\">\n\t\t\t\t\t<a class=\"elementor-button elementor-button-link elementor-size-sm\" href=\"https:\/\/wa.me\/5548984424822?text=Ol\u00e1%2C%20tenho%20interesse%20em%20saber%20mais%20sobre%20Teto%20da%20cobran\u00e7a%20do%20INSS%20para%20pessoa%20f\u00edsica\">\n\t\t\t\t\t\t<span class=\"elementor-button-content-wrapper\">\n\t\t\t\t\t\t<span class=\"elementor-button-icon\">\n\t\t\t\t<i aria-hidden=\"true\" class=\"far fa-comment-dots\"><\/i>\t\t\t<\/span>\n\t\t\t\t\t\t\t\t\t<span class=\"elementor-button-text\">Consulte sobre este servi\u00e7o<\/span>\n\t\t\t\t\t<\/span>\n\t\t\t\t\t<\/a>\n\t\t\t\t<\/div>\n\t\t\t\t\t\t\t\t<\/div>\n\t\t\t\t<\/div>\n\t\t\t\t<\/div>\n\t\t<div class=\"elementor-element elementor-element-895dd39 e-con-full e-flex e-con e-child\" data-id=\"895dd39\" data-element_type=\"container\">\n\t\t\t\t<div class=\"elementor-element elementor-element-3f112b0 elementor-view-stacked elementor-shape-rounded elementor-position-top elementor-mobile-position-top elementor-widget elementor-widget-icon-box\" data-id=\"3f112b0\" data-element_type=\"widget\" data-widget_type=\"icon-box.default\">\n\t\t\t\t<div class=\"elementor-widget-container\">\n\t\t\t\t\t\t\t<div class=\"elementor-icon-box-wrapper\">\n\n\t\t\t\t\t\t<div class=\"elementor-icon-box-icon\">\n\t\t\t\t<span  class=\"elementor-icon\">\n\t\t\t\t<i aria-hidden=\"true\" class=\"fas fa-file-contract\"><\/i>\t\t\t\t<\/span>\n\t\t\t<\/div>\n\t\t\t\n\t\t\t\t\t\t<div class=\"elementor-icon-box-content\">\n\n\t\t\t\t\t\t\t\t\t<h3 class=\"elementor-icon-box-title\">\n\t\t\t\t\t\t<span  >\n\t\t\t\t\t\t\tContratos empresariais\t\t\t\t\t\t<\/span>\n\t\t\t\t\t<\/h3>\n\t\t\t\t\n\t\t\t\t\t\t\t\t\t<p class=\"elementor-icon-box-description\">\n\t\t\t\t\t\tVoc\u00ea sabia que contratos mal redigidos podem gerar grandes preju\u00edzos?<br>\nElaboramos e revisamos contratos empresariais, de tecnologia e parcerias digitais, garantindo seguran\u00e7a jur\u00eddica e equil\u00edbrio nas rela\u00e7\u00f5es comerciais. Evite riscos e proteja sua empresa com respaldo legal. Fale com um especialista e entenda seus direitos.\n\t\t\t\t\t<\/p>\n\t\t\t\t\n\t\t\t<\/div>\n\t\t\t\n\t\t<\/div>\n\t\t\t\t\t\t<\/div>\n\t\t\t\t<\/div>\n\t\t\t\t<div class=\"elementor-element elementor-element-eb9af71 elementor-button-success elementor-align-justify elementor-widget elementor-widget-button\" data-id=\"eb9af71\" data-element_type=\"widget\" data-widget_type=\"button.default\">\n\t\t\t\t<div class=\"elementor-widget-container\">\n\t\t\t\t\t\t\t\t\t<div class=\"elementor-button-wrapper\">\n\t\t\t\t\t<a class=\"elementor-button elementor-button-link elementor-size-sm\" href=\"https:\/\/wa.me\/5548984424822?text=Ol\u00e1%2C%20tenho%20interesse%20em%20saber%20mais%20sobre%20Isen\u00e7\u00e3o%20do%20IR%20para%20aposentados%20com%20doen\u00e7as%20graves\">\n\t\t\t\t\t\t<span class=\"elementor-button-content-wrapper\">\n\t\t\t\t\t\t<span class=\"elementor-button-icon\">\n\t\t\t\t<i aria-hidden=\"true\" class=\"far fa-comment-dots\"><\/i>\t\t\t<\/span>\n\t\t\t\t\t\t\t\t\t<span class=\"elementor-button-text\">Consulte sobre este servi\u00e7o<\/span>\n\t\t\t\t\t<\/span>\n\t\t\t\t\t<\/a>\n\t\t\t\t<\/div>\n\t\t\t\t\t\t\t\t<\/div>\n\t\t\t\t<\/div>\n\t\t\t\t<\/div>\n\t\t\t\t\t<\/div>\n\t\t\t\t<\/div>\n\t\t<div class=\"elementor-element elementor-element-ab3a37c e-flex e-con-boxed e-con e-parent\" data-id=\"ab3a37c\" data-element_type=\"container\">\n\t\t\t\t\t<div class=\"e-con-inner\">\n\t\t<div class=\"elementor-element elementor-element-9f13003 e-con-full e-flex e-con e-child\" data-id=\"9f13003\" data-element_type=\"container\">\n\t\t\t\t<div class=\"elementor-element elementor-element-bb94a91 elementor-view-stacked elementor-shape-rounded elementor-position-top elementor-mobile-position-top elementor-widget elementor-widget-icon-box\" data-id=\"bb94a91\" data-element_type=\"widget\" data-widget_type=\"icon-box.default\">\n\t\t\t\t<div class=\"elementor-widget-container\">\n\t\t\t\t\t\t\t<div class=\"elementor-icon-box-wrapper\">\n\n\t\t\t\t\t\t<div class=\"elementor-icon-box-icon\">\n\t\t\t\t<span  class=\"elementor-icon\">\n\t\t\t\t<i aria-hidden=\"true\" class=\"fas fa-shield-alt\"><\/i>\t\t\t\t<\/span>\n\t\t\t<\/div>\n\t\t\t\n\t\t\t\t\t\t<div class=\"elementor-icon-box-content\">\n\n\t\t\t\t\t\t\t\t\t<h3 class=\"elementor-icon-box-title\">\n\t\t\t\t\t\t<span  >\n\t\t\t\t\t\t\tProte\u00e7\u00e3o de dados e adequa\u00e7\u00e3o \u00e0 LGPD\t\t\t\t\t\t<\/span>\n\t\t\t\t\t<\/h3>\n\t\t\t\t\n\t\t\t\t\t\t\t\t\t<p class=\"elementor-icon-box-description\">\n\t\t\t\t\t\tSua empresa est\u00e1 em conformidade com a Lei Geral de Prote\u00e7\u00e3o de Dados?<br>\n A adequa\u00e7\u00e3o \u00e0 LGPD evita multas, protege a reputa\u00e7\u00e3o do seu neg\u00f3cio e aumenta a confian\u00e7a dos clientes. Elaboramos pol\u00edticas, contratos e treinamentos personalizados para o seu setor. Consulte e saiba como manter seu neg\u00f3cio seguro.\n\t\t\t\t\t<\/p>\n\t\t\t\t\n\t\t\t<\/div>\n\t\t\t\n\t\t<\/div>\n\t\t\t\t\t\t<\/div>\n\t\t\t\t<\/div>\n\t\t\t\t<div class=\"elementor-element elementor-element-23b874b elementor-button-success elementor-align-justify elementor-widget elementor-widget-button\" data-id=\"23b874b\" data-element_type=\"widget\" data-widget_type=\"button.default\">\n\t\t\t\t<div class=\"elementor-widget-container\">\n\t\t\t\t\t\t\t\t\t<div class=\"elementor-button-wrapper\">\n\t\t\t\t\t<a class=\"elementor-button elementor-button-link elementor-size-sm\" href=\"https:\/\/wa.me\/5548984424822?text=Ol\u00e1%2C%20tenho%20interesse%20em%20saber%20mais%20sobre%20Cl\u00ednicas%20m\u00e9dicas%20equiparadas%20a%20hospitais\">\n\t\t\t\t\t\t<span class=\"elementor-button-content-wrapper\">\n\t\t\t\t\t\t<span class=\"elementor-button-icon\">\n\t\t\t\t<i aria-hidden=\"true\" class=\"far fa-comment-dots\"><\/i>\t\t\t<\/span>\n\t\t\t\t\t\t\t\t\t<span class=\"elementor-button-text\">Consulte sobre este servi\u00e7o<\/span>\n\t\t\t\t\t<\/span>\n\t\t\t\t\t<\/a>\n\t\t\t\t<\/div>\n\t\t\t\t\t\t\t\t<\/div>\n\t\t\t\t<\/div>\n\t\t\t\t<\/div>\n\t\t<div class=\"elementor-element elementor-element-b981053 e-con-full e-flex e-con e-child\" data-id=\"b981053\" data-element_type=\"container\">\n\t\t\t\t<div class=\"elementor-element elementor-element-b998377 elementor-view-stacked elementor-shape-rounded elementor-position-top elementor-mobile-position-top elementor-widget elementor-widget-icon-box\" data-id=\"b998377\" data-element_type=\"widget\" data-widget_type=\"icon-box.default\">\n\t\t\t\t<div class=\"elementor-widget-container\">\n\t\t\t\t\t\t\t<div class=\"elementor-icon-box-wrapper\">\n\n\t\t\t\t\t\t<div class=\"elementor-icon-box-icon\">\n\t\t\t\t<span  class=\"elementor-icon\">\n\t\t\t\t<i aria-hidden=\"true\" class=\"far fa-id-badge\"><\/i>\t\t\t\t<\/span>\n\t\t\t<\/div>\n\t\t\t\n\t\t\t\t\t\t<div class=\"elementor-icon-box-content\">\n\n\t\t\t\t\t\t\t\t\t<h3 class=\"elementor-icon-box-title\">\n\t\t\t\t\t\t<span  >\n\t\t\t\t\t\t\tMarcas e propriedade intelectual\t\t\t\t\t\t<\/span>\n\t\t\t\t\t<\/h3>\n\t\t\t\t\n\t\t\t\t\t\t\t\t\t<p class=\"elementor-icon-box-description\">\n\t\t\t\t\t\tSua marca \u00e9 o ativo mais valioso do seu neg\u00f3cio. J\u00e1 registrou a sua?<br>\nCuidamos do registro de marcas, direitos autorais e patentes, protegendo sua identidade digital e garantindo exclusividade de uso. Atua\u00e7\u00e3o administrativa e judicial junto ao INPI. Fale conosco e evite c\u00f3pias ou uso indevido.\n\t\t\t\t\t<\/p>\n\t\t\t\t\n\t\t\t<\/div>\n\t\t\t\n\t\t<\/div>\n\t\t\t\t\t\t<\/div>\n\t\t\t\t<\/div>\n\t\t\t\t<div class=\"elementor-element elementor-element-4cc4e37 elementor-button-success elementor-align-justify elementor-widget elementor-widget-button\" data-id=\"4cc4e37\" data-element_type=\"widget\" data-widget_type=\"button.default\">\n\t\t\t\t<div class=\"elementor-widget-container\">\n\t\t\t\t\t\t\t\t\t<div class=\"elementor-button-wrapper\">\n\t\t\t\t\t<a class=\"elementor-button elementor-button-link elementor-size-sm\" href=\"https:\/\/wa.me\/5548984424822?text=Ol\u00e1%2C%20tenho%20interesse%20em%20saber%20mais%20sobre%20PIS%20e%20COFINS%20%E2%80%93%20Monof\u00e1sico%20(Restitui\u00e7\u00e3o)\">\n\t\t\t\t\t\t<span class=\"elementor-button-content-wrapper\">\n\t\t\t\t\t\t<span class=\"elementor-button-icon\">\n\t\t\t\t<i aria-hidden=\"true\" class=\"far fa-comment-dots\"><\/i>\t\t\t<\/span>\n\t\t\t\t\t\t\t\t\t<span class=\"elementor-button-text\">Consulte sobre este servi\u00e7o<\/span>\n\t\t\t\t\t<\/span>\n\t\t\t\t\t<\/a>\n\t\t\t\t<\/div>\n\t\t\t\t\t\t\t\t<\/div>\n\t\t\t\t<\/div>\n\t\t\t\t<\/div>\n\t\t\t\t\t<\/div>\n\t\t\t\t<\/div>\n\t\t\t\t<\/div>\n\t\t","protected":false},"excerpt":{"rendered":"<p>ADVOCACIA ESPECIALIZADA Direito Empresarial e Digital Atuamos na prote\u00e7\u00e3o jur\u00eddica de empresas e neg\u00f3cios digitais, assegurando conformidade legal, seguran\u00e7a nas rela\u00e7\u00f5es comerciais e preven\u00e7\u00e3o de riscos. Oferecemos solu\u00e7\u00f5es estrat\u00e9gicas em contratos empresariais, prote\u00e7\u00e3o de dados e responsabilidade digital, com agilidade e expertise para impulsionar o crescimento do seu neg\u00f3cio. Fale Conosco Servi\u00e7os Especializados Atua\u00e7\u00e3o especializada [&hellip;]<\/p>\n","protected":false},"author":1,"featured_media":0,"parent":0,"menu_order":0,"comment_status":"closed","ping_status":"closed","template":"elementor_header_footer","meta":{"footnotes":""},"class_list":["post-74","page","type-page","status-publish","hentry"],"_links":{"self":[{"href":"https:\/\/viniciusorsini.com.br\/index.php?rest_route=\/wp\/v2\/pages\/74","targetHints":{"allow":["GET"]}}],"collection":[{"href":"https:\/\/viniciusorsini.com.br\/index.php?rest_route=\/wp\/v2\/pages"}],"about":[{"href":"https:\/\/viniciusorsini.com.br\/index.php?rest_route=\/wp\/v2\/types\/page"}],"author":[{"embeddable":true,"href":"https:\/\/viniciusorsini.com.br\/index.php?rest_route=\/wp\/v2\/users\/1"}],"replies":[{"embeddable":true,"href":"https:\/\/viniciusorsini.com.br\/index.php?rest_route=%2Fwp%2Fv2%2Fcomments&post=74"}],"version-history":[{"count":52,"href":"https:\/\/viniciusorsini.com.br\/index.php?rest_route=\/wp\/v2\/pages\/74\/revisions"}],"predecessor-version":[{"id":194,"href":"https:\/\/viniciusorsini.com.br\/index.php?rest_route=\/wp\/v2\/pages\/74\/revisions\/194"}],"wp:attachment":[{"href":"https:\/\/viniciusorsini.com.br\/index.php?rest_route=%2Fwp%2Fv2%2Fmedia&parent=74"}],"curies":[{"name":"wp","href":"https:\/\/api.w.org\/{rel}","templated":true}]}}